{"id":110,"date":"2021-07-12T10:35:37","date_gmt":"2021-07-12T10:35:37","guid":{"rendered":"http:\/\/tachibana-consulting.de\/?page_id=110"},"modified":"2021-08-26T15:52:27","modified_gmt":"2021-08-26T15:52:27","slug":"private-services","status":"publish","type":"page","link":"https:\/\/tachibana-consulting.de\/de\/private-services\/","title":{"rendered":"Privatkundenservice"},"content":{"rendered":"\n<h1 class=\"has-text-align-center wp-block-heading\">Gest\u00fctzt auf 35 Jahre Erfahrung <br>im engen Umgang mit Japanern in Japan <br>und in Deutschland <br>bieten wir Ihnen als Privatperson auch folgenden Service<\/h1>\n\n\n\n<div style=\"height:30px\" aria-hidden=\"true\" class=\"wp-block-spacer\"><\/div>\n\n\n\n<hr class=\"wp-block-separator\"\/>\n\n\n\n<div style=\"height:30px\" aria-hidden=\"true\" class=\"wp-block-spacer\"><\/div>\n\n\n\n<div class=\"wp-block-columns is-layout-flex wp-container-core-columns-is-layout-9d6595d7 wp-block-columns-is-layout-flex\">\n<div class=\"wp-block-column is-layout-flow wp-block-column-is-layout-flow\">\n<div id=\"section-g08cf0c\" class=\"wp-block-gutentor-e6 section-g08cf0c gutentor-element gutentor-element-image gutentor-enabled-width text-align-center-desktop\"><div class=\"gutentor-element-image-box\"><div class=\"gutentor-image-thumb\"><img decoding=\"async\" class=\"normal-image\" src=\"http:\/\/tachibana-consulting.de\/wp-content\/uploads\/2021\/07\/mikrofon-e1627471970326.gif\" \/><\/div><\/div><\/div>\n\n\n\n<h2 class=\"has-text-align-center wp-block-heading\">\u00dcbersetzungen und Dolmetschen<\/h2>\n\n\n\n<p style=\"text-align: center;\">von Schriftwechseln oder Dokumenten jeglicher Art in beide Richtungen D\/J\/E<\/p>\n<\/div>\n\n\n\n<div class=\"wp-block-column is-layout-flow wp-block-column-is-layout-flow\">\n<div id=\"section-gd4cddc\" class=\"wp-block-gutentor-e6 section-gd4cddc gutentor-element gutentor-element-image gutentor-enabled-width text-align-center-desktop\"><div class=\"gutentor-element-image-box\"><div class=\"gutentor-image-thumb\"><img decoding=\"async\" class=\"normal-image\" src=\"http:\/\/tachibana-consulting.de\/wp-content\/uploads\/2021\/07\/zahnrad-e1627471977804.gif\" \/><\/div><\/div><\/div>\n\n\n\n<h2 class=\"has-text-align-center wp-block-heading\">Vermittlung<\/h2>\n\n\n\n<p style=\"text-align: center;\">von Gesch\u00e4ftskontakten, Interviews, Wohnm\u00f6glichkeiten, Arbeitspl\u00e4tzen<\/p>\n<\/div>\n<\/div>\n\n\n\n<div style=\"height:30px\" aria-hidden=\"true\" class=\"wp-block-spacer\"><\/div>\n\n\n\n<div class=\"wp-block-columns is-layout-flex wp-container-core-columns-is-layout-9d6595d7 wp-block-columns-is-layout-flex\">\n<div class=\"wp-block-column is-layout-flow wp-block-column-is-layout-flow\">\n<div id=\"section-gff1a77\" class=\"wp-block-gutentor-e6 section-gff1a77 gutentor-element gutentor-element-image gutentor-enabled-width text-align-center-desktop\"><div class=\"gutentor-element-image-box\"><div class=\"gutentor-image-thumb\"><img decoding=\"async\" class=\"normal-image\" src=\"http:\/\/tachibana-consulting.de\/wp-content\/uploads\/2021\/07\/person-e1627471991314.gif\" \/><\/div><\/div><\/div>\n\n\n\n<h2 class=\"has-text-align-center wp-block-heading\">Begleitung<\/h2>\n\n\n\n<p style=\"text-align: center;\">zu Beh\u00f6rden und Institutionen<\/p>\n<\/div>\n\n\n\n<div class=\"wp-block-column is-layout-flow wp-block-column-is-layout-flow\">\n<div id=\"section-g16376f\" class=\"wp-block-gutentor-e6 section-g16376f gutentor-element gutentor-element-image gutentor-enabled-width text-align-center-desktop\"><div class=\"gutentor-element-image-box\"><div class=\"gutentor-image-thumb\"><img decoding=\"async\" class=\"normal-image\" src=\"http:\/\/tachibana-consulting.de\/wp-content\/uploads\/2021\/07\/telefon-e1627471984903.gif\" \/><\/div><\/div><\/div>\n\n\n\n<h2 class=\"has-text-align-center wp-block-heading\">Hilfestellung<\/h2>\n\n\n\n<p style=\"text-align: center;\">bei der Beantragung von Visa u.v.a.m.<\/p>\n<\/div>\n<\/div>\n\n\n\n<p><\/p>\n","protected":false},"excerpt":{"rendered":"<p>Gest\u00fctzt auf 35 Jahre Erfahrung im engen Umgang mit Japanern in Japan und in Deutschland bieten wir Ihnen als Privatperson auch folgenden Service \u00dcbersetzungen und Dolmetschen von Schriftwechseln oder Dokumenten jeglicher Art in beide Richtungen D\/J\/E Vermittlung von Gesch\u00e4ftskontakten, Interviews, Wohnm\u00f6glichkeiten, Arbeitspl\u00e4tzen Begleitung zu Beh\u00f6rden und Institutionen Hilfestellung bei der Beantragung von Visa u.v.a.m.<\/p>\n","protected":false},"author":1,"featured_media":0,"parent":0,"menu_order":0,"comment_status":"closed","ping_status":"closed","template":"","meta":{"footnotes":""},"class_list":["post-110","page","type-page","status-publish","hentry"],"translation":{"provider":"WPGlobus","version":"3.0.2","language":"de","enabled_languages":["ja","de","en"],"languages":{"ja":{"title":true,"content":true,"excerpt":false},"de":{"title":true,"content":true,"excerpt":false},"en":{"title":true,"content":true,"excerpt":false}}},"_links":{"self":[{"href":"https:\/\/tachibana-consulting.de\/de\/wp-json\/wp\/v2\/pages\/110","targetHints":{"allow":["GET"]}}],"collection":[{"href":"https:\/\/tachibana-consulting.de\/de\/wp-json\/wp\/v2\/pages"}],"about":[{"href":"https:\/\/tachibana-consulting.de\/de\/wp-json\/wp\/v2\/types\/page"}],"author":[{"embeddable":true,"href":"https:\/\/tachibana-consulting.de\/de\/wp-json\/wp\/v2\/users\/1"}],"replies":[{"embeddable":true,"href":"https:\/\/tachibana-consulting.de\/de\/wp-json\/wp\/v2\/comments?post=110"}],"version-history":[{"count":80,"href":"https:\/\/tachibana-consulting.de\/de\/wp-json\/wp\/v2\/pages\/110\/revisions"}],"predecessor-version":[{"id":924,"href":"https:\/\/tachibana-consulting.de\/de\/wp-json\/wp\/v2\/pages\/110\/revisions\/924"}],"wp:attachment":[{"href":"https:\/\/tachibana-consulting.de\/de\/wp-json\/wp\/v2\/media?parent=110"}],"curies":[{"name":"wp","href":"https:\/\/api.w.org\/{rel}","templated":true}]}}