{"id":28,"date":"2021-07-12T08:15:04","date_gmt":"2021-07-12T08:15:04","guid":{"rendered":"http:\/\/tachibana-consulting.de\/?page_id=28"},"modified":"2026-02-09T12:47:40","modified_gmt":"2026-02-09T12:47:40","slug":"impressum","status":"publish","type":"page","link":"https:\/\/tachibana-consulting.de\/de\/impressum\/","title":{"rendered":"Impressum"},"content":{"rendered":"\n<p>Wir m\u00f6chten Sie umfassend und vollst\u00e4ndig informieren. Daher haben wir&nbsp;die in der deutschen Gesetzgebung vorgesehenen Informationen sowie&nbsp;einige erg\u00e4nzende Angaben \u00fcbersichtlich f\u00fcr Sie zusammengefasst:<\/p>\n\n\n\n<hr class=\"wp-block-separator has-css-opacity\"\/>\n\n\n\n<p><strong>Tachibana Consulting<\/strong> <strong>e.K.<\/strong><\/p>\n\n\n\n<p>Gocher Weg 5<br>40670 Meerbusch<\/p>\n\n\n\n<p>Germany<\/p>\n\n\n\n<p><br>Phone: 0049 160 \/ 94676097<br>E-Mail: <a href=\"mailto:tachibana@tachibana-consulting.de\" target=\"_blank\" rel=\"noreferrer noopener\">tachibana@tachibana-consulting.de<\/a><\/p>\n\n\n\n<p><\/p>\n\n\n\n<p><strong><strong>Vertreten durch<\/strong><\/strong><br>Rolf Tachibana<\/p>\n\n\n\n<p><strong><strong>Firmensitz<\/strong><br><\/strong>Meerbusch<\/p>\n\n\n\n<p><strong>Umsatzsteuer-ID<\/strong><br>Umsatzsteuer-Identifikationsnummer gem\u00e4\u00df \u00a727a Umsatzsteuergesetz<br>DE270927305<\/p>\n\n\n\n<hr class=\"wp-block-separator has-css-opacity\"\/>\n\n\n\n<p><strong>Haftungshinweis<\/strong><br>Die Bereitstellung von Informationen auf dieser Website erfolgt ausschlie\u00dflich&nbsp;unter Geltung der folgenden Nutzungsbedingungen, mit denen sich der\/die&nbsp;Nutzer\/-in durch Nutzung einverstanden erkl\u00e4rt.<\/p>\n\n\n\n<p><strong><strong>Haftung<\/strong><\/strong><br>Wir \u00fcbernehmen keine Haftung f\u00fcr unmittelbare oder mittelbare Sch\u00e4den, die durch die Nutzung dieser Website, das Vertrauen auf die darin enthaltenen Informationen oder den Download von Daten und\/oder Programmen entstehen. Dies gilt auch f\u00fcr einen m\u00f6glichen Virenbefall. Die auf unserer Website ver\u00f6ffentlichten Inhalte legen das Recht der Bundesrepublik Deutschland zugrunde. Wir \u00fcbernehmen keine Gew\u00e4hr daf\u00fcr, dass die Informationen f\u00fcr die Nutzung an anderen Orten geeignet sind oder sich in \u00dcbereinstimmung mit der Gesetzgebung dieser Orte befinden.<\/p>\n\n\n\n<p><strong><strong>Urheberhinweis<\/strong><br><\/strong>Konzept &amp; Realisierung: <a rel=\"noreferrer noopener\" href=\"http:\/\/www.bvz-werbung.de\" target=\"_blank\">Buchmann &amp; van Zuidam Werbeagentur GmbH<\/a><\/p>\n","protected":false},"excerpt":{"rendered":"<p>Wir m\u00f6chten Sie umfassend und vollst\u00e4ndig informieren. Daher haben wir&nbsp;die in der deutschen Gesetzgebung vorgesehenen Informationen sowie&nbsp;einige erg\u00e4nzende Angaben \u00fcbersichtlich f\u00fcr Sie zusammengefasst: Tachibana Consulting e.K. Gocher Weg 540670 Meerbusch Germany Phone: 0049 160 \/ 94676097E-Mail: tachibana@tachibana-consulting.de Vertreten durchRolf Tachibana FirmensitzMeerbusch Umsatzsteuer-IDUmsatzsteuer-Identifikationsnummer gem\u00e4\u00df \u00a727a UmsatzsteuergesetzDE270927305 HaftungshinweisDie Bereitstellung von Informationen auf dieser Website erfolgt ausschlie\u00dflich&nbsp;unter Geltung der folgenden Nutzungsbedingungen, mit denen sich der\/die&nbsp;Nutzer\/-in durch Nutzung einverstanden erkl\u00e4rt. HaftungWir \u00fcbernehmen keine Haftung&hellip;<\/p>\n","protected":false},"author":1,"featured_media":0,"parent":0,"menu_order":0,"comment_status":"closed","ping_status":"closed","template":"","meta":{"footnotes":""},"class_list":["post-28","page","type-page","status-publish","hentry"],"translation":{"provider":"WPGlobus","version":"3.0.2","language":"de","enabled_languages":["ja","de","en"],"languages":{"ja":{"title":true,"content":true,"excerpt":false},"de":{"title":true,"content":true,"excerpt":false},"en":{"title":true,"content":true,"excerpt":false}}},"_links":{"self":[{"href":"https:\/\/tachibana-consulting.de\/de\/wp-json\/wp\/v2\/pages\/28","targetHints":{"allow":["GET"]}}],"collection":[{"href":"https:\/\/tachibana-consulting.de\/de\/wp-json\/wp\/v2\/pages"}],"about":[{"href":"https:\/\/tachibana-consulting.de\/de\/wp-json\/wp\/v2\/types\/page"}],"author":[{"embeddable":true,"href":"https:\/\/tachibana-consulting.de\/de\/wp-json\/wp\/v2\/users\/1"}],"replies":[{"embeddable":true,"href":"https:\/\/tachibana-consulting.de\/de\/wp-json\/wp\/v2\/comments?post=28"}],"version-history":[{"count":40,"href":"https:\/\/tachibana-consulting.de\/de\/wp-json\/wp\/v2\/pages\/28\/revisions"}],"predecessor-version":[{"id":995,"href":"https:\/\/tachibana-consulting.de\/de\/wp-json\/wp\/v2\/pages\/28\/revisions\/995"}],"wp:attachment":[{"href":"https:\/\/tachibana-consulting.de\/de\/wp-json\/wp\/v2\/media?parent=28"}],"curies":[{"name":"wp","href":"https:\/\/api.w.org\/{rel}","templated":true}]}}