{"id":5,"date":"2021-07-12T07:33:43","date_gmt":"2021-07-12T07:33:43","guid":{"rendered":"http:\/\/tachibana-consulting.de\/willkommen-auf-http-tachibana-consulting-de\/"},"modified":"2024-06-26T15:09:08","modified_gmt":"2024-06-26T15:09:08","slug":"willkommen-auf-http-tachibana-consulting-de","status":"publish","type":"page","link":"https:\/\/tachibana-consulting.de\/de\/","title":{"rendered":"Tachibana Consulting"},"content":{"rendered":"\n<p><strong>Herzlich willkommen \u2013 oder auch \u201eIrasshaimase\u201c bei Tachibana Consulting!<\/strong><\/p>\n\n\n\n<p>Tachibana Consulting ber\u00e4t deutsche und japanische Firmen, die in Japan beziehungsweise Deutschland gesch\u00e4ftlich erfolgreich sein wollen. Wir bieten eine Vielzahl von Dienstleistungen an. N\u00e4heres im Register &#8222;Services&#8220;.<br><\/p>\n\n\n\n<p><\/p>\n","protected":false},"excerpt":{"rendered":"<p>Herzlich willkommen \u2013 oder auch \u201eIrasshaimase\u201c bei Tachibana Consulting! Tachibana Consulting ber\u00e4t deutsche und japanische Firmen, die in Japan beziehungsweise Deutschland gesch\u00e4ftlich erfolgreich sein wollen. Wir bieten eine Vielzahl von Dienstleistungen an. N\u00e4heres im Register &#8222;Services&#8220;.<\/p>\n","protected":false},"author":1,"featured_media":0,"parent":0,"menu_order":0,"comment_status":"closed","ping_status":"open","template":"","meta":{"footnotes":""},"class_list":["post-5","page","type-page","status-publish","hentry"],"translation":{"provider":"WPGlobus","version":"3.0.2","language":"de","enabled_languages":["ja","de","en"],"languages":{"ja":{"title":true,"content":true,"excerpt":false},"de":{"title":true,"content":true,"excerpt":false},"en":{"title":true,"content":true,"excerpt":false}}},"_links":{"self":[{"href":"https:\/\/tachibana-consulting.de\/de\/wp-json\/wp\/v2\/pages\/5","targetHints":{"allow":["GET"]}}],"collection":[{"href":"https:\/\/tachibana-consulting.de\/de\/wp-json\/wp\/v2\/pages"}],"about":[{"href":"https:\/\/tachibana-consulting.de\/de\/wp-json\/wp\/v2\/types\/page"}],"author":[{"embeddable":true,"href":"https:\/\/tachibana-consulting.de\/de\/wp-json\/wp\/v2\/users\/1"}],"replies":[{"embeddable":true,"href":"https:\/\/tachibana-consulting.de\/de\/wp-json\/wp\/v2\/comments?post=5"}],"version-history":[{"count":20,"href":"https:\/\/tachibana-consulting.de\/de\/wp-json\/wp\/v2\/pages\/5\/revisions"}],"predecessor-version":[{"id":977,"href":"https:\/\/tachibana-consulting.de\/de\/wp-json\/wp\/v2\/pages\/5\/revisions\/977"}],"wp:attachment":[{"href":"https:\/\/tachibana-consulting.de\/de\/wp-json\/wp\/v2\/media?parent=5"}],"curies":[{"name":"wp","href":"https:\/\/api.w.org\/{rel}","templated":true}]}}