{"id":517,"date":"2021-07-28T08:28:02","date_gmt":"2021-07-28T08:28:02","guid":{"rendered":"http:\/\/tachibana-consulting.de\/?page_id=517"},"modified":"2024-12-12T10:59:20","modified_gmt":"2024-12-12T10:59:20","slug":"consulting","status":"publish","type":"page","link":"https:\/\/tachibana-consulting.de\/de\/consulting\/","title":{"rendered":"Consulting"},"content":{"rendered":"\n<div class=\"wp-block-columns is-layout-flex wp-container-core-columns-is-layout-9d6595d7 wp-block-columns-is-layout-flex\">\n<div class=\"wp-block-column is-layout-flow wp-block-column-is-layout-flow\">\n<div id=\"section-g2d5391\" class=\"wp-block-gutentor-e6 section-g2d5391 gutentor-element gutentor-element-image gutentor-enabled-width text-align-center-desktop\"><div class=\"gutentor-element-image-box\"><div class=\"gutentor-image-thumb\"><img decoding=\"async\" class=\"normal-image\" src=\"http:\/\/tachibana-consulting.de\/wp-content\/uploads\/2021\/07\/people.png\" \/><\/div><\/div><\/div>\n\n\n\n<h2 class=\"has-text-align-center wp-block-heading\">Marketing &amp; Vertrieb <\/h2>\n\n\n\n<ul>\n<li>ausgerichtet auf Japanische Firmen f\u00fcr den Deutschen Markt<\/li>\n<li>m\u00f6glich als One-Spot-Auftrag und im Rahmen eines Consulting-Vertrages<\/li>\n<\/ul>\n<\/div>\n\n\n\n<div class=\"wp-block-column is-layout-flow wp-block-column-is-layout-flow\">\n<div id=\"section-g2612b7\" class=\"wp-block-gutentor-e6 section-g2612b7 gutentor-element gutentor-element-image gutentor-enabled-width text-align-center-desktop\"><div class=\"gutentor-element-image-box\"><div class=\"gutentor-image-thumb\"><img decoding=\"async\" class=\"normal-image\" src=\"http:\/\/tachibana-consulting.de\/wp-content\/uploads\/2021\/07\/globus.png\" \/><\/div><\/div><\/div>\n\n\n\n<h2 class=\"has-text-align-center wp-block-heading\"><meta charset=\"utf-8\">Markterschlie\u00dfung<\/h2>\n\n\n\n<ul>\n<li>Markterkundungen, Strukturanalysen, Regulatorien<\/li>\n<li>Auch f\u00fcr Deutsche Firmen zum Japanischen Markt im Angebot<\/li>\n<\/ul>\n<\/div>\n\n\n\n<div class=\"wp-block-column is-layout-flow wp-block-column-is-layout-flow\">\n<div id=\"section-g92b832\" class=\"wp-block-gutentor-e6 section-g92b832 gutentor-element gutentor-element-image gutentor-enabled-width text-align-center-desktop\"><div class=\"gutentor-element-image-box\"><div class=\"gutentor-image-thumb\"><img decoding=\"async\" class=\"normal-image\" src=\"http:\/\/tachibana-consulting.de\/wp-content\/uploads\/2021\/07\/eye.png\" \/><\/div><\/div><\/div>\n\n\n\n<h2 class=\"has-text-align-center wp-block-heading\">Distributorsuche<\/h2>\n\n\n\n<ul>\n<li>Auffinden eines geeigneten Distributors und\/oder Service-St\u00fctzpunkts f\u00fcr Ihre Produkte<\/li>\n<li>angeboten f\u00fcr Japanische Firmen, die in Deutschland, als auch f\u00fcr Deutsche Firmen, die in Japan t\u00e4tig werden wollen<\/li>\n<\/ul>\n<\/div>\n<\/div>\n\n\n\n<div style=\"height:30px\" aria-hidden=\"true\" class=\"wp-block-spacer\"><\/div>\n\n\n\n<hr class=\"wp-block-separator is-style-wide\"\/>\n\n\n\n<div style=\"height:30px\" aria-hidden=\"true\" class=\"wp-block-spacer\"><\/div>\n\n\n\n<div class=\"wp-block-columns is-layout-flex wp-container-core-columns-is-layout-9d6595d7 wp-block-columns-is-layout-flex\">\n<div class=\"wp-block-column is-layout-flow wp-block-column-is-layout-flow\">\n<div id=\"section-gf5fc79\" class=\"wp-block-gutentor-e6 section-gf5fc79 gutentor-element gutentor-element-image gutentor-enabled-width text-align-center-desktop\"><div class=\"gutentor-element-image-box\"><div class=\"gutentor-image-thumb\"><img decoding=\"async\" class=\"normal-image\" src=\"http:\/\/tachibana-consulting.de\/wp-content\/uploads\/2021\/07\/statistik-e1627472041828.gif\" \/><\/div><\/div><\/div>\n\n\n\n<h2 class=\"has-text-align-center wp-block-heading\">Marktanalysen<\/h2>\n\n\n\n<ul>\n<li>Klassische Analysen und Potentialabsch\u00e4tzung<\/li>\n<li>angeboten f\u00fcr Japanische Firmen, die in Deutschland, als auch f\u00fcr Deutsche Firmen, die in Japan t\u00e4tig werden wollen<\/li>\n<\/ul>\n<\/div>\n\n\n\n<div class=\"wp-block-column is-layout-flow wp-block-column-is-layout-flow\">\n<div id=\"section-g7677d0\" class=\"wp-block-gutentor-e6 section-g7677d0 gutentor-element gutentor-element-image gutentor-enabled-width text-align-center-desktop\"><div class=\"gutentor-element-image-box\"><div class=\"gutentor-image-thumb\"><img decoding=\"async\" class=\"normal-image\" src=\"http:\/\/tachibana-consulting.de\/wp-content\/uploads\/2021\/07\/waage.png\" \/><\/div><\/div><\/div>\n\n\n\n<h2 class=\"has-text-align-center wp-block-heading\">Zulassungen<\/h2>\n\n\n\n<ul>\n<li>Assistenz bei Zulassung von zulassungspflichtigen Produkten oder Vermittlung geeigneter akkreditierter Fachunternehmen<\/li>\n<li>angeboten f\u00fcr Japanische Firmen, die in Deutschland, als auch f\u00fcr Deutsche Firmen, die in Japan t\u00e4tig werden wollen<\/li>\n<\/ul>\n<\/div>\n\n\n\n<div class=\"wp-block-column is-layout-flow wp-block-column-is-layout-flow\">\n<div id=\"section-g1ddf84\" class=\"wp-block-gutentor-e6 section-g1ddf84 gutentor-element gutentor-element-image gutentor-enabled-width text-align-center-desktop\"><div class=\"gutentor-element-image-box\"><div class=\"gutentor-image-thumb\"><img decoding=\"async\" class=\"normal-image\" src=\"http:\/\/tachibana-consulting.de\/wp-content\/uploads\/2021\/07\/haus.png\" \/><\/div><\/div><\/div>\n\n\n\n<h2 class=\"has-text-align-center wp-block-heading\">Messeauftritte<\/h2>\n\n\n\n<ul>\n<li style=\"text-align: left;\">Antrag, Vorbereitung, Personalbeschaffung, Fungieren als D\/J\/E-dolmetschendes Standpersonal oder Stellvertretung als Leiter<\/li>\n<li>angeboten f\u00fcr Japanische Firmen, die auf Deutschen Messen ausstellen, bzw. letzteres f\u00fcr solche, deren Personal aufgrund Reisebeschr\u00e4nkungen nicht auf dem Stand erscheinen kann<\/li>\n<\/ul>\n<\/div>\n<\/div>\n\n\n\n<div style=\"height:30px\" aria-hidden=\"true\" class=\"wp-block-spacer\"><\/div>\n\n\n\n<hr class=\"wp-block-separator is-style-wide\"\/>\n\n\n\n<div style=\"height:30px\" aria-hidden=\"true\" class=\"wp-block-spacer\"><\/div>\n\n\n\n<div class=\"wp-block-columns is-layout-flex wp-container-core-columns-is-layout-9d6595d7 wp-block-columns-is-layout-flex\">\n<div class=\"wp-block-column is-layout-flow wp-block-column-is-layout-flow\">\n<div id=\"section-gcec38a\" class=\"wp-block-gutentor-e6 section-gcec38a gutentor-element gutentor-element-image gutentor-enabled-width text-align-center-desktop\"><div class=\"gutentor-element-image-box\"><div class=\"gutentor-image-thumb\"><img decoding=\"async\" class=\"normal-image\" src=\"http:\/\/tachibana-consulting.de\/wp-content\/uploads\/2021\/07\/tasche.png\" \/><\/div><\/div><\/div>\n\n\n\n<h2 class=\"has-text-align-center wp-block-heading\">Begleitung<\/h2>\n\n\n\n<ul>\n<li style=\"text-align: left;\">Begleitung zu Kundengespr\u00e4chen und D\/J\/E-dolmetschen<\/li>\n<li style=\"text-align: left;\">angeboten f\u00fcr Japanische Firmen, die in Deutschland, als auch f\u00fcr Deutsche Firmen, die in Japan t\u00e4tig werden wollen<\/li>\n<\/ul>\n<\/div>\n\n\n\n<div class=\"wp-block-column is-layout-flow wp-block-column-is-layout-flow\">\n<div id=\"section-g766c03\" class=\"wp-block-gutentor-e6 section-g766c03 gutentor-element gutentor-element-image gutentor-enabled-width text-align-center-desktop\"><div class=\"gutentor-element-image-box\"><div class=\"gutentor-image-thumb\"><img decoding=\"async\" class=\"normal-image\" src=\"http:\/\/tachibana-consulting.de\/wp-content\/uploads\/2021\/07\/person_kreis-e1627472047368.gif\" \/><\/div><\/div><\/div>\n\n\n\n<h2 class=\"has-text-align-center wp-block-heading\">Dolmetschen<\/h2>\n\n\n\n<ul>\n<li style=\"text-align: left;\">D\/J\/E-Dolmetschen nicht nur beim Kunden oder auf Messen, sondern auch bei allen sonstigen nicht aufgef\u00fchrten Gelegenheiten<\/li>\n<li style=\"text-align: left;\">angeboten f\u00fcr Japanische Firmen, die in Deutschland, als auch f\u00fcr Deutsche Firmen, die in Japan t\u00e4tig werden wollen<\/li>\n<\/ul>\n<\/div>\n\n\n\n<div class=\"wp-block-column is-layout-flow wp-block-column-is-layout-flow\">\n<div id=\"section-gfeb25d\" class=\"wp-block-gutentor-e6 section-gfeb25d gutentor-element gutentor-element-image gutentor-enabled-width text-align-center-desktop\"><div class=\"gutentor-element-image-box\"><div class=\"gutentor-image-thumb\"><img decoding=\"async\" class=\"normal-image\" src=\"http:\/\/tachibana-consulting.de\/wp-content\/uploads\/2021\/07\/netz.png\" \/><\/div><\/div><\/div>\n\n\n\n<h2 class=\"has-text-align-center wp-block-heading\">\u00dcbersetzungen<\/h2>\n\n\n\n<ul>\n<li style=\"text-align: left;\">D\/J\/E-\u00dcbersetzungen von Bedienungsanleitungen, Flyern und anderen Dokumenten<\/li>\n<li style=\"text-align: left;\">angeboten f\u00fcr Japanische Firmen, die in Deutschland, als auch f\u00fcr Deutsche Firmen, die in Japan t\u00e4tig werden wollen<\/li>\n<\/ul>\n<\/div>\n<\/div>\n\n\n\n<div style=\"height:30px\" aria-hidden=\"true\" class=\"wp-block-spacer\"><\/div>\n\n\n\n<hr class=\"wp-block-separator is-style-wide\"\/>\n\n\n\n<div style=\"height:30px\" aria-hidden=\"true\" class=\"wp-block-spacer\"><\/div>\n\n\n\n<div class=\"wp-block-columns is-layout-flex wp-container-core-columns-is-layout-9d6595d7 wp-block-columns-is-layout-flex\">\n<div class=\"wp-block-column is-layout-flow wp-block-column-is-layout-flow\">\n<div id=\"section-g481bf7\" class=\"wp-block-gutentor-e6 section-g481bf7 gutentor-element gutentor-element-image gutentor-enabled-width text-align-center-desktop\"><div class=\"gutentor-element-image-box\"><div class=\"gutentor-image-thumb\"><img decoding=\"async\" class=\"normal-image\" src=\"http:\/\/tachibana-consulting.de\/wp-content\/uploads\/2021\/07\/netzwerk-e1627472020995.gif\" \/><\/div><\/div><\/div>\n\n\n\n<h2 class=\"has-text-align-center wp-block-heading\">Personalbeschaffung<\/h2>\n\n\n\n<ul>\n<li>Rekrutierung von Personal f\u00fcr Messen als auch f\u00fcr Festanstellungen<\/li>\n<li>angeboten f\u00fcr Japanische Firmen, die in Deutschland, als auch f\u00fcr Deutsche Firmen, die in Japan t\u00e4tig werden wollen<br>&nbsp;<\/li>\n<\/ul>\n\n\n\n<p><\/p>\n<\/div>\n\n\n\n<div class=\"wp-block-column is-layout-flow wp-block-column-is-layout-flow\">\n<div id=\"section-g7226e8\" class=\"wp-block-gutentor-e6 section-g7226e8 gutentor-element gutentor-element-image gutentor-enabled-width text-align-center-desktop\"><div class=\"gutentor-element-image-box\"><div class=\"gutentor-image-thumb\"><img decoding=\"async\" class=\"normal-image\" src=\"http:\/\/tachibana-consulting.de\/wp-content\/uploads\/2021\/07\/puzzle.png\" \/><\/div><\/div><\/div>\n\n\n\n<h2 class=\"has-text-align-center wp-block-heading\">Verschiedenes<\/h2>\n\n\n\n<p style=\"text-align: center;\"><strong>F\u00fcr alle oben nicht aufgef\u00fchrten Angelegenheiten gesch\u00e4ftlicher Natur ist jederzeit ein offenes Ohr garantiert!<\/strong><\/p>\n<\/div>\n\n\n\n<div class=\"wp-block-column is-layout-flow wp-block-column-is-layout-flow\">\n<section id=\"section-e34fb2b1-9b34-4019-aff6-951e8644f585\" class=\"wp-block-gutentor-accordion gutentor-section gutentor-accordion-wrapper accordion-template1\"><div class=\"grid-container\"><div class=\"gutentor-block-header\"><div class=\"gutentor-section-title enable-title-design seperator-bottom text-center\"><h2 class=\"gutentor-title\"><\/h2><\/div><\/div><div class=\"grid-row gutentor-grid-item-wrap\"><div class=\"grid-md-12\"><div class=\"gutentor-accordion-wrap\"><div class=\"gutentor-single-item gutentor-single-item-0\"><div class=\"gutentor-single-item-wrap\"><div class=\"gutentor-accordion-heading\"><i class=\"gutentor-accordion-icon open-icon fas fa-plus\"><\/i><i class=\"gutentor-accordion-icon close-icon fas fa-minus\"><\/i><\/div><div class=\"gutentor-accordion-body\"><\/div><\/div><\/div><\/div><\/div><\/div><\/div><\/section>\n<\/div>\n<\/div>\n\n\n\n<p><\/p>\n","protected":false},"excerpt":{"rendered":"<p>Marketing &amp; Vertrieb ausgerichtet auf Japanische Firmen f\u00fcr den Deutschen Markt m\u00f6glich als One-Spot-Auftrag und im Rahmen eines Consulting-Vertrages Markterschlie\u00dfung Markterkundungen, Strukturanalysen, Regulatorien Auch f\u00fcr Deutsche Firmen zum Japanischen Markt im Angebot Distributorsuche Auffinden eines geeigneten Distributors und\/oder Service-St\u00fctzpunkts f\u00fcr Ihre Produkte angeboten f\u00fcr Japanische Firmen, die in Deutschland, als auch f\u00fcr Deutsche Firmen, die in Japan t\u00e4tig werden wollen Marktanalysen Klassische Analysen und Potentialabsch\u00e4tzung angeboten f\u00fcr Japanische Firmen, die&hellip;<\/p>\n","protected":false},"author":1,"featured_media":0,"parent":0,"menu_order":0,"comment_status":"closed","ping_status":"closed","template":"","meta":{"footnotes":""},"class_list":["post-517","page","type-page","status-publish","hentry"],"translation":{"provider":"WPGlobus","version":"3.0.2","language":"de","enabled_languages":["ja","de","en"],"languages":{"ja":{"title":true,"content":true,"excerpt":false},"de":{"title":true,"content":true,"excerpt":false},"en":{"title":true,"content":true,"excerpt":false}}},"_links":{"self":[{"href":"https:\/\/tachibana-consulting.de\/de\/wp-json\/wp\/v2\/pages\/517","targetHints":{"allow":["GET"]}}],"collection":[{"href":"https:\/\/tachibana-consulting.de\/de\/wp-json\/wp\/v2\/pages"}],"about":[{"href":"https:\/\/tachibana-consulting.de\/de\/wp-json\/wp\/v2\/types\/page"}],"author":[{"embeddable":true,"href":"https:\/\/tachibana-consulting.de\/de\/wp-json\/wp\/v2\/users\/1"}],"replies":[{"embeddable":true,"href":"https:\/\/tachibana-consulting.de\/de\/wp-json\/wp\/v2\/comments?post=517"}],"version-history":[{"count":113,"href":"https:\/\/tachibana-consulting.de\/de\/wp-json\/wp\/v2\/pages\/517\/revisions"}],"predecessor-version":[{"id":982,"href":"https:\/\/tachibana-consulting.de\/de\/wp-json\/wp\/v2\/pages\/517\/revisions\/982"}],"wp:attachment":[{"href":"https:\/\/tachibana-consulting.de\/de\/wp-json\/wp\/v2\/media?parent=517"}],"curies":[{"name":"wp","href":"https:\/\/api.w.org\/{rel}","templated":true}]}}